{"id":3462,"date":"2019-12-13T11:55:55","date_gmt":"2019-12-13T16:55:55","guid":{"rendered":"http:\/\/wehoop.com\/lp\/gerer-les-rappels-de-produits-simplement-2\/"},"modified":"2023-01-19T12:57:58","modified_gmt":"2023-01-19T17:57:58","slug":"gerer-la-correspondance-et-les-suivis","status":"publish","type":"page","link":"https:\/\/wehoop.com\/en\/apps\/gerer-la-correspondance-et-les-suivis\/","title":{"rendered":"G\u00e9rer la correspondance et les suivis"},"content":{"rendered":"<div id=\"cs-content\" class=\"cs-content\"><\/div>\n","protected":false},"excerpt":{"rendered":"<p>G\u00c9RER LA CORRESPONDANCE ET LES SUIVIS EFFICACEMENT WEHOOP pour la Gestion du courrier et des suivis facilite la collaboration de toutes les \u00e9quipes aux nombreux suivis de votre organisation. Optimisation du suivi de la correspondance et des activit\u00e9s au CISSS de Chaudi\u00e8re-Appalaches \u00c7a nous lib\u00e8re l\u2019esprit! WEHOOP se souvient de tout et effectue les rappels au besoin.En Chaudi\u00e8re-Appalaches, c&#8217;est plus &#8230; <a href=\"https:\/\/wehoop.com\/en\/apps\/gerer-la-correspondance-et-les-suivis\/\" class=\"more-link\">Read More<\/a><\/p>\n","protected":false},"author":3,"featured_media":0,"parent":3418,"menu_order":6,"comment_status":"closed","ping_status":"closed","template":"template-blank-4.php","meta":{"footnotes":""},"class_list":["post-3462","page","type-page","status-publish","hentry","no-post-thumbnail"],"aioseo_notices":[],"_links":{"self":[{"href":"https:\/\/wehoop.com\/en\/wp-json\/wp\/v2\/pages\/3462","targetHints":{"allow":["GET"]}}],"collection":[{"href":"https:\/\/wehoop.com\/en\/wp-json\/wp\/v2\/pages"}],"about":[{"href":"https:\/\/wehoop.com\/en\/wp-json\/wp\/v2\/types\/page"}],"author":[{"embeddable":true,"href":"https:\/\/wehoop.com\/en\/wp-json\/wp\/v2\/users\/3"}],"replies":[{"embeddable":true,"href":"https:\/\/wehoop.com\/en\/wp-json\/wp\/v2\/comments?post=3462"}],"version-history":[{"count":0,"href":"https:\/\/wehoop.com\/en\/wp-json\/wp\/v2\/pages\/3462\/revisions"}],"up":[{"embeddable":true,"href":"https:\/\/wehoop.com\/en\/wp-json\/wp\/v2\/pages\/3418"}],"wp:attachment":[{"href":"https:\/\/wehoop.com\/en\/wp-json\/wp\/v2\/media?parent=3462"}],"curies":[{"name":"wp","href":"https:\/\/api.w.org\/{rel}","templated":true}]}}