{"id":3976,"date":"2021-04-01T15:07:40","date_gmt":"2021-04-01T19:07:40","guid":{"rendered":"http:\/\/wehoop.com\/?page_id=3976"},"modified":"2026-03-19T15:34:55","modified_gmt":"2026-03-19T19:34:55","slug":"apps","status":"publish","type":"page","link":"https:\/\/wehoop.com\/en\/apps\/","title":{"rendered":"Apps"},"content":{"rendered":"<div id=\"cs-content\" class=\"cs-content\"><\/div>\n","protected":false},"excerpt":{"rendered":"<p>D\u00c9COUVREZ NOS APPS Bas\u00e9es sur les meilleures pratiques, elles demeurent enti\u00e8rement personnalisables. STAGE+ The only internship management platform specially designed for the health and social services sector. Learn moreEquipa The intuitive solution for inventory, loans and equipment tracking for better home care. Learn moreTraceabl Medical sample traceability solution from collection to analysis. So that each sample reaches its destination. Learn &#8230; <a href=\"https:\/\/wehoop.com\/en\/apps\/\" class=\"more-link\">Read More<\/a><\/p>\n","protected":false},"author":3,"featured_media":0,"parent":0,"menu_order":3,"comment_status":"closed","ping_status":"closed","template":"template-blank-4.php","meta":{"footnotes":""},"class_list":["post-3976","page","type-page","status-publish","hentry","no-post-thumbnail"],"aioseo_notices":[],"_links":{"self":[{"href":"https:\/\/wehoop.com\/en\/wp-json\/wp\/v2\/pages\/3976","targetHints":{"allow":["GET"]}}],"collection":[{"href":"https:\/\/wehoop.com\/en\/wp-json\/wp\/v2\/pages"}],"about":[{"href":"https:\/\/wehoop.com\/en\/wp-json\/wp\/v2\/types\/page"}],"author":[{"embeddable":true,"href":"https:\/\/wehoop.com\/en\/wp-json\/wp\/v2\/users\/3"}],"replies":[{"embeddable":true,"href":"https:\/\/wehoop.com\/en\/wp-json\/wp\/v2\/comments?post=3976"}],"version-history":[{"count":11,"href":"https:\/\/wehoop.com\/en\/wp-json\/wp\/v2\/pages\/3976\/revisions"}],"predecessor-version":[{"id":5227,"href":"https:\/\/wehoop.com\/en\/wp-json\/wp\/v2\/pages\/3976\/revisions\/5227"}],"wp:attachment":[{"href":"https:\/\/wehoop.com\/en\/wp-json\/wp\/v2\/media?parent=3976"}],"curies":[{"name":"wp","href":"https:\/\/api.w.org\/{rel}","templated":true}]}}