{"id":4390,"date":"2019-08-06T16:26:57","date_gmt":"2019-08-06T20:26:57","guid":{"rendered":"https:\/\/wehoop.com\/apps\/gerer-les-non-conformites-dans-les-laboratoires-biomedicaux\/"},"modified":"2023-01-19T12:55:06","modified_gmt":"2023-01-19T17:55:06","slug":"manage-non-conformities-in-biomedical-laboratories","status":"publish","type":"page","link":"https:\/\/wehoop.com\/en\/apps\/manage-non-conformities-in-biomedical-laboratories\/","title":{"rendered":"Manage non-conformities in biomedical laboratories"},"content":{"rendered":"<div id=\"cs-content\" class=\"cs-content\"><\/div>\n","protected":false},"excerpt":{"rendered":"<p>G\u00c9RER LES NON-CONFORMIT\u00c9S DANS LES LABORATOIRES BIOM\u00c9DICAUX WEHOOP pour labos diminue jusqu&#8217;\u00e0 65% le nombre de non-conformit\u00e9s. Transformation dans les laboratoires de l&#8217;Institut universitaire de cardiologie et pneumologie de Qu\u00e9bec Nous avons diminu\u00e9 de plus de 65% nos \u00e9v\u00e8nements non conformes en moins de 12 mois.Alors que les m\u00e9thodes pr\u00e9c\u00e9dentes (formulaire papier et utilisation du syst\u00e8me d\u2019information du laboratoire) se &#8230; <a href=\"https:\/\/wehoop.com\/en\/apps\/manage-non-conformities-in-biomedical-laboratories\/\" class=\"more-link\">Read More<\/a><\/p>\n","protected":false},"author":3,"featured_media":0,"parent":3976,"menu_order":3,"comment_status":"closed","ping_status":"closed","template":"template-blank-4.php","meta":{"footnotes":""},"class_list":["post-4390","page","type-page","status-publish","hentry","no-post-thumbnail"],"aioseo_notices":[],"_links":{"self":[{"href":"https:\/\/wehoop.com\/en\/wp-json\/wp\/v2\/pages\/4390","targetHints":{"allow":["GET"]}}],"collection":[{"href":"https:\/\/wehoop.com\/en\/wp-json\/wp\/v2\/pages"}],"about":[{"href":"https:\/\/wehoop.com\/en\/wp-json\/wp\/v2\/types\/page"}],"author":[{"embeddable":true,"href":"https:\/\/wehoop.com\/en\/wp-json\/wp\/v2\/users\/3"}],"replies":[{"embeddable":true,"href":"https:\/\/wehoop.com\/en\/wp-json\/wp\/v2\/comments?post=4390"}],"version-history":[{"count":0,"href":"https:\/\/wehoop.com\/en\/wp-json\/wp\/v2\/pages\/4390\/revisions"}],"up":[{"embeddable":true,"href":"https:\/\/wehoop.com\/en\/wp-json\/wp\/v2\/pages\/3976"}],"wp:attachment":[{"href":"https:\/\/wehoop.com\/en\/wp-json\/wp\/v2\/media?parent=4390"}],"curies":[{"name":"wp","href":"https:\/\/api.w.org\/{rel}","templated":true}]}}