{"id":4428,"date":"2017-04-05T14:06:20","date_gmt":"2017-04-05T18:06:20","guid":{"rendered":"https:\/\/wehoop.com\/apps\/gerer-les-analyses-de-biologie-medicale-ah-612\/"},"modified":"2023-01-19T12:56:52","modified_gmt":"2023-01-19T17:56:52","slug":"gerer-les-analyses-de-biologie-medicale-ah-612","status":"publish","type":"page","link":"https:\/\/wehoop.com\/en\/apps\/gerer-les-analyses-de-biologie-medicale-ah-612\/","title":{"rendered":"G\u00e9rer les analyses de biologie m\u00e9dicale AH-612"},"content":{"rendered":"<div id=\"cs-content\" class=\"cs-content\"><\/div>\n","protected":false},"excerpt":{"rendered":"<p>G\u00c9RER LES ANALYSES DE BIOLOGIE M\u00c9DICALE AH-612 WEHOOP pour AH-612 am\u00e9liore la tra\u00e7abilit\u00e9\u00a0des analyses de biologie m\u00e9dicale non disponibles au Qu\u00e9bec. La gestion des autorisations pour des analyses de biologie m\u00e9dicale non disponibles au Qu\u00e9bec devient simple et efficace avec WEHOOP WEHOOP assure une tra&ccedil;abilit&eacute; compl&egrave;te et une r&eacute;duction de 30% la charge administrative.Dans le contexte o&ugrave; le manque de &#8230; <a href=\"https:\/\/wehoop.com\/en\/apps\/gerer-les-analyses-de-biologie-medicale-ah-612\/\" class=\"more-link\">Read More<\/a><\/p>\n","protected":false},"author":3,"featured_media":0,"parent":3976,"menu_order":5,"comment_status":"closed","ping_status":"closed","template":"template-blank-4.php","meta":{"footnotes":""},"class_list":["post-4428","page","type-page","status-publish","hentry","no-post-thumbnail"],"aioseo_notices":[],"_links":{"self":[{"href":"https:\/\/wehoop.com\/en\/wp-json\/wp\/v2\/pages\/4428","targetHints":{"allow":["GET"]}}],"collection":[{"href":"https:\/\/wehoop.com\/en\/wp-json\/wp\/v2\/pages"}],"about":[{"href":"https:\/\/wehoop.com\/en\/wp-json\/wp\/v2\/types\/page"}],"author":[{"embeddable":true,"href":"https:\/\/wehoop.com\/en\/wp-json\/wp\/v2\/users\/3"}],"replies":[{"embeddable":true,"href":"https:\/\/wehoop.com\/en\/wp-json\/wp\/v2\/comments?post=4428"}],"version-history":[{"count":0,"href":"https:\/\/wehoop.com\/en\/wp-json\/wp\/v2\/pages\/4428\/revisions"}],"up":[{"embeddable":true,"href":"https:\/\/wehoop.com\/en\/wp-json\/wp\/v2\/pages\/3976"}],"wp:attachment":[{"href":"https:\/\/wehoop.com\/en\/wp-json\/wp\/v2\/media?parent=4428"}],"curies":[{"name":"wp","href":"https:\/\/api.w.org\/{rel}","templated":true}]}}